{"id":2552,"date":"2020-04-13T11:18:52","date_gmt":"2020-04-13T11:18:52","guid":{"rendered":"https:\/\/vilniausdca.lt\/?page_id=2552"},"modified":"2025-08-22T15:22:57","modified_gmt":"2025-08-22T15:22:57","slug":"galerija-4-5-6","status":"publish","type":"page","link":"https:\/\/vilniausdca.lt\/?page_id=2552","title":{"rendered":"Atvir\u0173 dur\u0173 diena"},"content":{"rendered":"\t\t<div data-elementor-type=\"wp-page\" data-elementor-id=\"2552\" class=\"elementor elementor-2552\" data-elementor-post-type=\"page\">\n\t\t\t\t\t\t<section class=\"elementor-section elementor-top-section elementor-element elementor-element-5131a13e elementor-section-full_width elementor-section-height-default elementor-section-height-default\" data-id=\"5131a13e\" data-element_type=\"section\" data-settings=\"{&quot;background_background&quot;:&quot;classic&quot;}\">\n\t\t\t\t\t\t\t<div class=\"elementor-background-overlay\"><\/div>\n\t\t\t\t\t\t\t<div class=\"elementor-container elementor-column-gap-default\">\n\t\t\t\t\t<div class=\"elementor-column elementor-col-100 elementor-top-column elementor-element elementor-element-1053ca7a\" data-id=\"1053ca7a\" data-element_type=\"column\">\n\t\t\t<div class=\"elementor-widget-wrap elementor-element-populated\">\n\t\t\t\t\t\t<div class=\"elementor-element elementor-element-3d99e122 elementor-widget elementor-widget-heading\" data-id=\"3d99e122\" data-element_type=\"widget\" data-widget_type=\"heading.default\">\n\t\t\t\t<div class=\"elementor-widget-container\">\n\t\t\t<h1 class=\"elementor-heading-title elementor-size-xl\"><br>Atvir\u0173 dur\u0173 diena<\/h1>\t\t<\/div>\n\t\t\t\t<\/div>\n\t\t\t\t\t<\/div>\n\t\t<\/div>\n\t\t\t\t\t<\/div>\n\t\t<\/section>\n\t\t\t\t<section class=\"elementor-section elementor-top-section elementor-element elementor-element-043c53f elementor-section-boxed elementor-section-height-default elementor-section-height-default\" data-id=\"043c53f\" data-element_type=\"section\">\n\t\t\t\t\t\t<div class=\"elementor-container elementor-column-gap-default\">\n\t\t\t\t\t<div class=\"elementor-column elementor-col-100 elementor-top-column elementor-element elementor-element-c40d743\" data-id=\"c40d743\" data-element_type=\"column\">\n\t\t\t<div class=\"elementor-widget-wrap elementor-element-populated\">\n\t\t\t\t\t\t<div class=\"elementor-element elementor-element-38751e4 elementor-widget elementor-widget-spacer\" data-id=\"38751e4\" data-element_type=\"widget\" data-widget_type=\"spacer.default\">\n\t\t\t\t<div class=\"elementor-widget-container\">\n\t\t\t\t\t<div class=\"elementor-spacer\">\n\t\t\t<div class=\"elementor-spacer-inner\"><\/div>\n\t\t<\/div>\n\t\t\t\t<\/div>\n\t\t\t\t<\/div>\n\t\t\t\t<div class=\"elementor-element elementor-element-c54ae57 elementor-widget elementor-widget-spacer\" data-id=\"c54ae57\" data-element_type=\"widget\" data-widget_type=\"spacer.default\">\n\t\t\t\t<div class=\"elementor-widget-container\">\n\t\t\t\t\t<div class=\"elementor-spacer\">\n\t\t\t<div class=\"elementor-spacer-inner\"><\/div>\n\t\t<\/div>\n\t\t\t\t<\/div>\n\t\t\t\t<\/div>\n\t\t\t\t\t<\/div>\n\t\t<\/div>\n\t\t\t\t\t<\/div>\n\t\t<\/section>\n\t\t\t\t<section class=\"elementor-section elementor-top-section elementor-element elementor-element-7b72c8f elementor-section-boxed elementor-section-height-default elementor-section-height-default\" data-id=\"7b72c8f\" data-element_type=\"section\">\n\t\t\t\t\t\t<div class=\"elementor-container elementor-column-gap-default\">\n\t\t\t\t\t<div class=\"elementor-column elementor-col-50 elementor-top-column elementor-element elementor-element-bc3f17f\" data-id=\"bc3f17f\" data-element_type=\"column\">\n\t\t\t<div class=\"elementor-widget-wrap elementor-element-populated\">\n\t\t\t\t\t\t<div class=\"elementor-element elementor-element-ad433a9 elementor-widget__width-initial elementor-widget elementor-widget-image\" data-id=\"ad433a9\" data-element_type=\"widget\" data-widget_type=\"image.default\">\n\t\t\t\t<div class=\"elementor-widget-container\">\n\t\t\t\t\t\t\t\t\t\t\t\t\t<img fetchpriority=\"high\" decoding=\"async\" width=\"1024\" height=\"1024\" src=\"https:\/\/vilniausdca.lt\/wp-content\/uploads\/2025\/08\/Untitled-design-3-1024x1024.png\" class=\"attachment-large size-large wp-image-2606\" alt=\"\" srcset=\"https:\/\/vilniausdca.lt\/wp-content\/uploads\/2025\/08\/Untitled-design-3-1024x1024.png 1024w, https:\/\/vilniausdca.lt\/wp-content\/uploads\/2025\/08\/Untitled-design-3-300x300.png 300w, https:\/\/vilniausdca.lt\/wp-content\/uploads\/2025\/08\/Untitled-design-3-150x150.png 150w, https:\/\/vilniausdca.lt\/wp-content\/uploads\/2025\/08\/Untitled-design-3-768x768.png 768w, https:\/\/vilniausdca.lt\/wp-content\/uploads\/2025\/08\/Untitled-design-3.png 1080w\" sizes=\"(max-width: 1024px) 100vw, 1024px\" \/>\t\t\t\t\t\t\t\t\t\t\t\t\t<\/div>\n\t\t\t\t<\/div>\n\t\t\t\t\t<\/div>\n\t\t<\/div>\n\t\t\t\t<div class=\"elementor-column elementor-col-50 elementor-top-column elementor-element elementor-element-05ddeb6\" data-id=\"05ddeb6\" data-element_type=\"column\">\n\t\t\t<div class=\"elementor-widget-wrap elementor-element-populated\">\n\t\t\t\t\t\t<div class=\"elementor-element elementor-element-fa599bc elementor-widget elementor-widget-text-editor\" data-id=\"fa599bc\" data-element_type=\"widget\" data-widget_type=\"text-editor.default\">\n\t\t\t\t<div class=\"elementor-widget-container\">\n\t\t\t\t\t\t\t<div style=\"inherit: 'Poppins', sans-serif; line-height: 1.6; color: #222;\"><h2 style=\"font-size: 34px; font-weight: 600; color: #1e3a8a; margin-bottom: 30px;\">VD\u010cA atvir\u0173 dur\u0173 diena \u2013 kvie\u010diami vaikai gim\u0119 2020\u20132022 m.!<\/h2><p>Tur\u0117site galimyb\u0119 susipa\u017einti su m\u016bs\u0173 komandos treneriais bei sportininkais, o svarbiausia pa\u017einti dailiojo \u010diuo\u017eimo ypatybes! Per atvir\u0173 dur\u0173 dien\u0105 vyks treniruot\u0117, kurioje steb\u0117sime vaik\u0173 motyvacij\u0105, geb\u0117jimus ir atsi\u017evelgus \u012f \u0161iuos aspektus ma\u017eieji sportininkai gaus asmeninius kvietimus prisijungti prie akademijos.<\/p><div style=\"margin: 15px 0; padding: 15px; border-left: 4px solid #1e3a8a; background: #f8fafc; border-radius: 8px;\">\ud83d\udccd <strong>Vilniaus Akropolis<\/strong><br \/>\ud83d\udcc5 <strong>Rugs\u0117jo 13 d. 11:00 val.<\/strong><\/div><p style=\"margin-top: 15px;\">Atvir\u0173 dur\u0173 dienos metu \u012f akademijos gretas gali pretenduoti ir pa\u017eeng\u0119 sportininkai! Jie bus \u012fvertinti pagal savo lyg\u012f ir, atitikus kriterijus, kvie\u010diami jungtis prie jau suformuot\u0173 VD\u010cA grupi\u0173.<\/p><p style=\"font-weight: 600; color: #1e3a8a; margin-top: 20px; text-align: center;\">Nekantraujame su jumis susipa\u017einti! \ud83d\udc99<\/p><\/div>\t\t\t\t\t\t<\/div>\n\t\t\t\t<\/div>\n\t\t\t\t<div class=\"elementor-element elementor-element-b77cf00 elementor-align-center elementor-mobile-align-center elementor-widget elementor-widget-button\" data-id=\"b77cf00\" data-element_type=\"widget\" data-widget_type=\"button.default\">\n\t\t\t\t<div class=\"elementor-widget-container\">\n\t\t\t\t\t<div class=\"elementor-button-wrapper\">\n\t\t\t<a class=\"elementor-button elementor-button-link elementor-size-lg\" href=\"https:\/\/tally.so\/r\/woN8O5?fbclid=IwY2xjawLsSXpleHRuA2FlbQIxMQBicmlkETFLaF%20JubkVYYk53YjdtaTY2AR6xyLoQun6DkbN6z2JPK132K5sNOhlMqlsdWyV3xrAJQtP%20RBHIY7gKOoqDxiA_aem_6DXoOBS9O-NQ5Cu8dTb3eQ\">\n\t\t\t\t\t\t<span class=\"elementor-button-content-wrapper\">\n\t\t\t\t\t\t\t\t\t<span class=\"elementor-button-text\">Registracija<\/span>\n\t\t\t\t\t<\/span>\n\t\t\t\t\t<\/a>\n\t\t<\/div>\n\t\t\t\t<\/div>\n\t\t\t\t<\/div>\n\t\t\t\t\t<\/div>\n\t\t<\/div>\n\t\t\t\t\t<\/div>\n\t\t<\/section>\n\t\t\t\t<section class=\"elementor-section elementor-top-section elementor-element elementor-element-81e0e10 elementor-section-boxed elementor-section-height-default elementor-section-height-default\" data-id=\"81e0e10\" data-element_type=\"section\">\n\t\t\t\t\t\t<div class=\"elementor-container elementor-column-gap-default\">\n\t\t\t\t\t<div class=\"elementor-column elementor-col-100 elementor-top-column elementor-element elementor-element-e65d934\" data-id=\"e65d934\" data-element_type=\"column\">\n\t\t\t<div class=\"elementor-widget-wrap elementor-element-populated\">\n\t\t\t\t\t\t<div class=\"elementor-element elementor-element-4b19806 elementor-widget elementor-widget-spacer\" data-id=\"4b19806\" data-element_type=\"widget\" data-widget_type=\"spacer.default\">\n\t\t\t\t<div class=\"elementor-widget-container\">\n\t\t\t\t\t<div class=\"elementor-spacer\">\n\t\t\t<div class=\"elementor-spacer-inner\"><\/div>\n\t\t<\/div>\n\t\t\t\t<\/div>\n\t\t\t\t<\/div>\n\t\t\t\t<div class=\"elementor-element elementor-element-13766f8 elementor-widget elementor-widget-spacer\" data-id=\"13766f8\" data-element_type=\"widget\" data-widget_type=\"spacer.default\">\n\t\t\t\t<div class=\"elementor-widget-container\">\n\t\t\t\t\t<div class=\"elementor-spacer\">\n\t\t\t<div class=\"elementor-spacer-inner\"><\/div>\n\t\t<\/div>\n\t\t\t\t<\/div>\n\t\t\t\t<\/div>\n\t\t\t\t\t<\/div>\n\t\t<\/div>\n\t\t\t\t\t<\/div>\n\t\t<\/section>\n\t\t\t\t<\/div>\n\t\t","protected":false},"excerpt":{"rendered":"<p>Atvir\u0173 dur\u0173 diena VD\u010cA atvir\u0173 dur\u0173 diena \u2013 kvie\u010diami vaikai gim\u0119 2020\u20132022 m.! Tur\u0117site galimyb\u0119 susipa\u017einti su m\u016bs\u0173 komandos treneriais bei sportininkais, o svarbiausia pa\u017einti dailiojo \u010diuo\u017eimo ypatybes! Per atvir\u0173 dur\u0173 dien\u0105 vyks treniruot\u0117, kurioje steb\u0117sime vaik\u0173 motyvacij\u0105, geb\u0117jimus ir atsi\u017evelgus \u012f \u0161iuos aspektus ma\u017eieji sportininkai gaus asmeninius kvietimus prisijungti prie akademijos. \ud83d\udccd Vilniaus Akropolis\ud83d\udcc5 &hellip;<\/p>\n<p class=\"read-more\"> <a class=\"\" href=\"https:\/\/vilniausdca.lt\/?page_id=2552\"> <span class=\"screen-reader-text\">Atvir\u0173 dur\u0173 diena<\/span> Read More &raquo;<\/a><\/p>\n","protected":false},"author":1,"featured_media":0,"parent":0,"menu_order":0,"comment_status":"closed","ping_status":"closed","template":"","meta":{"om_disable_all_campaigns":false,"_monsterinsights_skip_tracking":false,"_monsterinsights_sitenote_active":false,"_monsterinsights_sitenote_note":"","_monsterinsights_sitenote_category":0,"site-sidebar-layout":"no-sidebar","site-content-layout":"page-builder","ast-global-header-display":"","ast-main-header-display":"","ast-hfb-above-header-display":"","ast-hfb-below-header-display":"","ast-hfb-mobile-header-display":"","site-post-title":"disabled","ast-breadcrumbs-content":"","ast-featured-img":"","footer-sml-layout":"","theme-transparent-header-meta":"enabled","adv-header-id-meta":"","stick-header-meta":"","header-above-stick-meta":"","header-main-stick-meta":"","header-below-stick-meta":"","footnotes":""},"class_list":["post-2552","page","type-page","status-publish","hentry"],"aioseo_notices":[],"_links":{"self":[{"href":"https:\/\/vilniausdca.lt\/index.php?rest_route=\/wp\/v2\/pages\/2552"}],"collection":[{"href":"https:\/\/vilniausdca.lt\/index.php?rest_route=\/wp\/v2\/pages"}],"about":[{"href":"https:\/\/vilniausdca.lt\/index.php?rest_route=\/wp\/v2\/types\/page"}],"author":[{"embeddable":true,"href":"https:\/\/vilniausdca.lt\/index.php?rest_route=\/wp\/v2\/users\/1"}],"replies":[{"embeddable":true,"href":"https:\/\/vilniausdca.lt\/index.php?rest_route=%2Fwp%2Fv2%2Fcomments&post=2552"}],"version-history":[{"count":28,"href":"https:\/\/vilniausdca.lt\/index.php?rest_route=\/wp\/v2\/pages\/2552\/revisions"}],"predecessor-version":[{"id":2769,"href":"https:\/\/vilniausdca.lt\/index.php?rest_route=\/wp\/v2\/pages\/2552\/revisions\/2769"}],"wp:attachment":[{"href":"https:\/\/vilniausdca.lt\/index.php?rest_route=%2Fwp%2Fv2%2Fmedia&parent=2552"}],"curies":[{"name":"wp","href":"https:\/\/api.w.org\/{rel}","templated":true}]}}